{"id":35,"date":"2020-03-05T22:46:50","date_gmt":"2020-03-05T22:46:50","guid":{"rendered":"https:\/\/www.new.indeasa.com\/?page_id=35"},"modified":"2020-03-24T18:03:23","modified_gmt":"2020-03-24T18:03:23","slug":"5-2","status":"publish","type":"page","link":"https:\/\/www.indeasa.com\/index.php\/5-2\/","title":{"rendered":"PROYECTOS"},"content":{"rendered":"\n\t<h1><!--\n\t-->PROYECTOS<!--\t--><!--\n\t-->\n\t<\/h1>\n\t<h2><!--\n\t-->Plantas para remoci\u00f3n de ars\u00e9nico y fluoruros<!--\t--><!--\n\t-->\n\t<\/h2>\n\tLa perforaci\u00f3n de pozos a mayor profundidad para la extracci\u00f3n de agua que se suministra a las poblaciones y que representan uno de los principales fuentes de abastecimiento, tiene la problem\u00e1tica de arrastrar agua que contienen sales de diferentes tipos, como son: ars\u00e9nico, fluoruros, fierro, manganeso, entre otras.<br \/>\nLa Secretaria de Salud ha emitido la norma NOM-127_SSA-1 que indica el contenido m\u00e1ximo de los componentes mencionados y de obligado cumplimiento para todas las fuentes de abastecimiento para consumo humano. Debido al impacto que tienen \u00e9stos elementos a la salud de la poblaci\u00f3n.Ingenier\u00eda y Desarrollo del Agua S.A. de C.V., elabora, dise\u00f1a, construye y opera Plantas para Remoci\u00f3n de Ars\u00e9nico y Fluoruros con procesos de filtraci\u00f3n con la tecnolog\u00eda de absorci\u00f3n y la aplicaci\u00f3n de qu\u00edmicos para la estabilizaci\u00f3n de la qu\u00edmica del agua. As\u00ed tambi\u00e9n cuenta con laboratorio para llevar a cabo los an\u00e1lisis y pruebas de caracterizaci\u00f3n y de tratabilidad del agua.Las fuentes de abastecimiento de agua requieren un sistema de tratamiento que dependen del tipo de sales que contiene el agua por lo que se requiere un modelo diferente para cada caso, en cumplimiento con las normas nacionales e internacionales.Tenemos la soluci\u00f3n para la remoci\u00f3n de los metales mencionados en el agua y nuestra organizaci\u00f3n esta a sus \u00f3rdenes ya que contamos con la infraestructura y personal calificado para llevar \u00e9ste tipo de proyectos, en la modalidad que su organizaci\u00f3n requiera o solicite.\n\t<h2><!--\n\t-->GALERIA<!--\t--><!--\n\t-->\n\t<\/h2>\n\t<h4>Tel\u00e9fonos<\/h4>\nIrapuato, Guanajuato<br \/>\n01 (462) 625 02 95<br \/>\n01 (462) 625 47 84\n<h4>Email<\/h4>\n<p>indeasa@hotmail.com<\/p>\n<h4>Oficinas de enlace<\/h4>\nGuadalajara, Jalisco<br \/>\n045 (331) 338 14 93\nCiudad de M\u00e9xico<br \/>\n045 (555) 068 94 52\n\t\t\t\t<img decoding=\"async\" src=\"https:\/\/www.new.indeasa.com\/wp-content\/uploads\/2020\/03\/png.png\" alt=\"png\" itemprop=\"image\" title=\"png\" onerror=\"this.style.display='none'\"  \/>\n\t<h4>Ingenieria y desarrollo del agua<br \/>\nS.A de C.V.<\/h4>\n","protected":false},"excerpt":{"rendered":"<p>PROYECTOS Plantas para remoci\u00f3n de ars\u00e9nico y fluoruros La perforaci\u00f3n de pozos a mayor profundidad para la extracci\u00f3n de agua que se suministra a las poblaciones y que representan uno de los principales fuentes de abastecimiento, tiene la problem\u00e1tica de arrastrar agua que contienen sales de diferentes tipos, como son: ars\u00e9nico, fluoruros, fierro, manganeso, entre &hellip;<\/p>\n<p class=\"read-more\"> <a class=\"\" href=\"https:\/\/www.indeasa.com\/index.php\/5-2\/\"> <span class=\"screen-reader-text\">PROYECTOS<\/span> Read More &raquo;<\/a><\/p>\n","protected":false},"author":1,"featured_media":0,"parent":0,"menu_order":0,"comment_status":"closed","ping_status":"closed","template":"","meta":{"footnotes":""},"class_list":["post-35","page","type-page","status-publish","hentry"],"_links":{"self":[{"href":"https:\/\/www.indeasa.com\/index.php\/wp-json\/wp\/v2\/pages\/35"}],"collection":[{"href":"https:\/\/www.indeasa.com\/index.php\/wp-json\/wp\/v2\/pages"}],"about":[{"href":"https:\/\/www.indeasa.com\/index.php\/wp-json\/wp\/v2\/types\/page"}],"author":[{"embeddable":true,"href":"https:\/\/www.indeasa.com\/index.php\/wp-json\/wp\/v2\/users\/1"}],"replies":[{"embeddable":true,"href":"https:\/\/www.indeasa.com\/index.php\/wp-json\/wp\/v2\/comments?post=35"}],"version-history":[{"count":19,"href":"https:\/\/www.indeasa.com\/index.php\/wp-json\/wp\/v2\/pages\/35\/revisions"}],"predecessor-version":[{"id":289,"href":"https:\/\/www.indeasa.com\/index.php\/wp-json\/wp\/v2\/pages\/35\/revisions\/289"}],"wp:attachment":[{"href":"https:\/\/www.indeasa.com\/index.php\/wp-json\/wp\/v2\/media?parent=35"}],"curies":[{"name":"wp","href":"https:\/\/api.w.org\/{rel}","templated":true}]}}